{"id":251,"date":"2018-09-27T12:31:49","date_gmt":"2018-09-27T10:31:49","guid":{"rendered":"http:\/\/paradisdesanges.fr\/?page_id=251"},"modified":"2021-10-14T21:51:01","modified_gmt":"2021-10-14T19:51:01","slug":"postiche","status":"publish","type":"page","link":"https:\/\/paradisdesanges.fr\/?page_id=251","title":{"rendered":"Perruques et Foulards"},"content":{"rendered":"<p>&nbsp;<\/p>\n<h2>D\u00c9COUVREZ NOS PRODUITS CAPILLAIRES ET PERRUQUES POUR FEMME.<\/h2>\n<p style=\"text-align: justify;\"><span style=\"font-size: 14pt;\">Qui n&rsquo;a pas r\u00eav\u00e9 d&rsquo;une coiffure parfaite, naturelle ou de changer de couleur pour un instant&#8230; Pour vous apporter confort, beaut\u00e9 esth\u00e9tique, et s\u00e9curit\u00e9 dans le port de votre chevelure, avec nos&nbsp;<strong>perruques&nbsp;femme et foulards<\/strong>, entrez dans l&rsquo;univers de la beaut\u00e9 f\u00e9minine&#8230;<\/span><\/p>\nngg_shortcode_0_placeholder\n<h2>DES PERRUQUES RECONNUES, APPROUV\u00c9ES ET PROT\u00c9G\u00c9ES PAR DES BREVETS<\/h2>\n<div>\n<div style=\"text-align: justify;\"><img loading=\"lazy\" decoding=\"async\" class=\"wp-image-1134 alignleft\" src=\"https:\/\/paradisdesanges.fr\/wp-content\/uploads\/2021\/10\/Securite.png\" alt=\"\" width=\"262\" height=\"197\" srcset=\"https:\/\/paradisdesanges.fr\/wp-content\/uploads\/2021\/10\/Securite.png 945w, https:\/\/paradisdesanges.fr\/wp-content\/uploads\/2021\/10\/Securite-300x225.png 300w, https:\/\/paradisdesanges.fr\/wp-content\/uploads\/2021\/10\/Securite-768x577.png 768w\" sizes=\"auto, (max-width: 262px) 100vw, 262px\" \/>La marque NJ est une marque Fran\u00e7aise qui d\u00e9veloppe et fait fabriquer ses propres collections depuis plus de 25 ans.<\/div>\n<div>&nbsp;<\/div>\n<div style=\"text-align: justify;\">C\u2019est pourquoi une perruque NJ n\u2019est jamais tout \u00e0 fait comme une autre perruque. Outre un choix important de mod\u00e8les, de styles de coiffure et de coloris : elle a un confort in\u00e9galable.<\/div>\n<div>&nbsp;<\/div>\n<div>\n<p style=\"text-align: justify;\">Les plus astucieuses des inventions ont \u00e9t\u00e9 cr\u00e9\u00e9es et d\u00e9velopp\u00e9es par NJ avec l&rsquo;aide d&rsquo;une grande professionnelle de la coiffure Nicole Denelle qui a su innover gr\u00e2ce \u00e0 son savoir faire et son exp\u00e9rience dans le secteur de la chevelure de remplacement. Ce sont des progr\u00e8s majeurs qui ont donn\u00e9 plus de libert\u00e9 aux personnes concern\u00e9es par l\u2019alop\u00e9cie.<\/p>\n<p>&nbsp;<\/p>\n<\/div>\n<div>\n<h2>CONCEPT ANTIGLISSE\u00a9<\/h2>\n<h3><img loading=\"lazy\" decoding=\"async\" class=\"size-full wp-image-1136 alignleft\" src=\"https:\/\/paradisdesanges.fr\/wp-content\/uploads\/2021\/10\/Concept-antiglisse.jpg\" alt=\"\" width=\"252\" height=\"224\">R\u00e9volutionnaire et unique au monde: Thermo-contact et Anti-transpirant<\/h3>\n<p style=\"text-align: justify;\">L\u2019ANTIGLISSE brevet\u00e9 NJ incorpor\u00e9 dans tous nos mod\u00e8les permet un maintien ferme, sans jamais \u00e9prouver une sensation de compression et \u00e0 pour avantage de r\u00e9guler les ind\u00e9sirables effets de la sudation gr\u00e2ce \u00e0 une membrane micro-perfor\u00e9e int\u00e9gr\u00e9e \u00e0 celui-ci.<\/p>\n<p style=\"text-align: justify;\">Cette membrane micro-perfor\u00e9e r\u00e9duit et r\u00e9gule les changements de temp\u00e9rature afin d&rsquo;\u00eatre dans une sensation de chaud en hiver et de fraicheur en \u00e9t\u00e9. Avec ce concept votre chevelure tient en place pour la journ\u00e9e avec un confort in\u00e9gal\u00e9. De plus, quand le cheveu repousse, il n\u2019alt\u00e8re pas le duvet.<\/p>\n<p style=\"text-align: justify;\">Gr\u00e2ce au concept ANTIGLISSE, plus de colle ni d\u2019adh\u00e9sif. Une chevelure l\u00e9g\u00e8re,ind\u00e9celable, une esth\u00e9tique parfaite&nbsp;<strong>pour vivre en toute libert\u00e9 et bien-\u00eatre.<\/strong><\/p>\n<p>&nbsp;<\/p>\n<div style=\"text-align: justify;\">\n<h2>CONCEPT MODULOCAP\u00a9<\/h2>\n<p>Permet en quelques secondes, de r\u00e9duire la profondeur et la taille du bonnet, afin que celui-ci soit parfaitement adapt\u00e9 \u00e0 la morphologie de la t\u00eate.<\/p>\n<p><img loading=\"lazy\" decoding=\"async\" class=\"size-full wp-image-1137 aligncenter\" src=\"https:\/\/paradisdesanges.fr\/wp-content\/uploads\/2021\/10\/Concept-antiglisse-2.png\" alt=\"\" width=\"539\" height=\"215\" srcset=\"https:\/\/paradisdesanges.fr\/wp-content\/uploads\/2021\/10\/Concept-antiglisse-2.png 539w, https:\/\/paradisdesanges.fr\/wp-content\/uploads\/2021\/10\/Concept-antiglisse-2-300x120.png 300w\" sizes=\"auto, (max-width: 539px) 100vw, 539px\" \/><\/p>\n<p>&nbsp;<\/p>\n<\/div>\n<p><img loading=\"lazy\" decoding=\"async\" class=\"size-full wp-image-1139 aligncenter\" src=\"https:\/\/paradisdesanges.fr\/wp-content\/uploads\/2021\/10\/Concept-antiglisse-3.png\" alt=\"\" width=\"326\" height=\"306\" srcset=\"https:\/\/paradisdesanges.fr\/wp-content\/uploads\/2021\/10\/Concept-antiglisse-3.png 326w, https:\/\/paradisdesanges.fr\/wp-content\/uploads\/2021\/10\/Concept-antiglisse-3-300x282.png 300w\" sizes=\"auto, (max-width: 326px) 100vw, 326px\" \/><\/p>\n<div style=\"text-align: justify;\">\n<p>&nbsp;<\/p>\n<p>(<a href=\"https:\/\/www.nj-creation.com\/fr\/content\/9-innovation-brevet-nj\" target=\"_blank\" rel=\"noopener noreferrer\">sources NJ Cr\u00e9ation<\/a>)<\/p>\n<\/div>\n<\/div>\n<\/div>\n\n\n<h2 class=\"wp-block-heading\">Puis-je me faire rembourser ma perruque et comment ?<\/h2>\n\n\n\n<p>Pour y avoir droit il vous faut une ordonnance r\u00e9dig\u00e9e par votre m\u00e9decin traitant ou votre oncologue. Ensuite, la facture de votre proth\u00e8se ainsi que la feuille de soins sont \u00e9tablies, par le vendeur.<\/p>\n\n\n\n<p>Il faudra ensuite envoyer la totalit\u00e9 (ordonnance, feuille de soins et facture) \u00e0 votre caisse de S\u00e9curit\u00e9 Sociale qui se chargera du remboursement.<\/p>\n\n\n\n<p>Un compl\u00e9ment peut \u00e9ventuellement \u00eatre pris en charge par votre mutuelle. N\u2019h\u00e9sitez pas \u00e0 la contacter pour conna\u00eetre les modalit\u00e9s et les taux de remboursement auxquels vous avez le droit.<\/p>\n","protected":false},"excerpt":{"rendered":"<p>&nbsp; D\u00c9COUVREZ NOS PRODUITS CAPILLAIRES ET PERRUQUES POUR FEMME. Qui n&rsquo;a pas r\u00eav\u00e9 d&rsquo;une coiffure parfaite, naturelle ou de changer de couleur pour un instant&#8230; Pour vous apporter confort, beaut\u00e9 esth\u00e9tique, et s\u00e9curit\u00e9 dans le port de votre chevelure, avec nos&nbsp;perruques&nbsp;femme et foulards, entrez dans l&rsquo;univers de la beaut\u00e9 f\u00e9minine&#8230; DES PERRUQUES RECONNUES, APPROUV\u00c9ES ET&hellip; <\/p>\n","protected":false},"author":1,"featured_media":36,"parent":0,"menu_order":0,"comment_status":"closed","ping_status":"closed","template":"","meta":{"ngg_post_thumbnail":0,"footnotes":""},"class_list":["post-251","page","type-page","status-publish","has-post-thumbnail","hentry"],"_links":{"self":[{"href":"https:\/\/paradisdesanges.fr\/index.php?rest_route=\/wp\/v2\/pages\/251","targetHints":{"allow":["GET"]}}],"collection":[{"href":"https:\/\/paradisdesanges.fr\/index.php?rest_route=\/wp\/v2\/pages"}],"about":[{"href":"https:\/\/paradisdesanges.fr\/index.php?rest_route=\/wp\/v2\/types\/page"}],"author":[{"embeddable":true,"href":"https:\/\/paradisdesanges.fr\/index.php?rest_route=\/wp\/v2\/users\/1"}],"replies":[{"embeddable":true,"href":"https:\/\/paradisdesanges.fr\/index.php?rest_route=%2Fwp%2Fv2%2Fcomments&post=251"}],"version-history":[{"count":45,"href":"https:\/\/paradisdesanges.fr\/index.php?rest_route=\/wp\/v2\/pages\/251\/revisions"}],"predecessor-version":[{"id":1142,"href":"https:\/\/paradisdesanges.fr\/index.php?rest_route=\/wp\/v2\/pages\/251\/revisions\/1142"}],"wp:featuredmedia":[{"embeddable":true,"href":"https:\/\/paradisdesanges.fr\/index.php?rest_route=\/wp\/v2\/media\/36"}],"wp:attachment":[{"href":"https:\/\/paradisdesanges.fr\/index.php?rest_route=%2Fwp%2Fv2%2Fmedia&parent=251"}],"curies":[{"name":"wp","href":"https:\/\/api.w.org\/{rel}","templated":true}]}}