{"id":472,"date":"2018-11-18T10:58:56","date_gmt":"2018-11-18T09:58:56","guid":{"rendered":"http:\/\/paradisdesanges.fr\/?page_id=472"},"modified":"2018-11-30T18:47:10","modified_gmt":"2018-11-30T17:47:10","slug":"couleurs-traditionnelles","status":"publish","type":"page","link":"https:\/\/paradisdesanges.fr\/?page_id=472","title":{"rendered":"Couleurs traditionnelles et Soins BIO"},"content":{"rendered":"<p>&nbsp;<\/p>\n<h1 style=\"text-align: justify;\"><span style=\"font-size: 24pt;\"><strong><span style=\"color: #339966;\">ZenzTherapy Alterntive Colors<\/span><\/strong> <\/span><\/h1>\n<p style=\"text-align: justify;\"><span style=\"font-size: 14pt;\">nait avec le but de fournir au salon et au client, un produit tr\u00e8s s\u00fbr pour ce qui concerne la delicatesse, la cosm\u00e9tique et la coloration, particuli\u00e8rement indiqu\u00e9 pour les clients attentifs qui d\u00e9sirent le meilleur de la recherche technologique cosm\u00e9tique, respecte au maximun le cuir chevelu et la structure des cheveux. Cette formulation sans ammoniaque p\u00e9n\u00e8tre d\u00e9licatement \u00e0 l&rsquo;int\u00e9rieur de l&rsquo;\u00e9corce avec un regonflage mineur de la cuticule, id\u00e9al pour les cheveux fragiles et sensibles.<\/span><\/p>\n<p style=\"text-align: justify;\"><span style=\"font-size: 14pt;\">Elle agit tr\u00e8s d\u00e9licatement dans la partie int\u00e9rieur de l&rsquo;\u00e9corce des cheveux. A une action colorante cosm\u00e9tique tr\u00e8s delicate, exalte au maximun le brillant couleur. Recouvre les cheveux blancs \u00e0 100 %.<\/span><\/p>\n<h1 style=\"text-align: justify;\"><span style=\"font-size: 24pt;\"><strong><span style=\"color: #339966;\">Zenz Alternative Sans ammoniaque, sans PPD, sans R\u00e9sorcine<\/span><\/strong> <\/span><\/h1>\n<p style=\"text-align: justify;\"><span style=\"font-size: 14pt;\">C&rsquo;est ce que le march\u00e9 attend aujourd&rsquo;hui d&rsquo;une coloration. D\u00e8s le d\u00e9but, Zenz Therapy Alternative couleur est \u00e0 la pointe des nouvelles formules de couleur sans ammoniaque. Ce produit contient le meilleur et le plus pur de tous les ingr\u00e9dients disponibles sur le march\u00e9 d&rsquo;aujourd&rsquo;hui. D&rsquo;un point de vue technologique, les produits sans ammonique sont l\u00e9g\u00e8rement diff\u00e9rents, mais comme avec tous les produits d&rsquo;oxydation, il est n\u00e9cessaire d&rsquo;avoir un dialogue avec le client \/ effectuer un petit test sur les utilisateurs pour la premi\u00e8re fois.<\/span><\/p>\n<h1 style=\"text-align: justify;\"><span style=\"font-size: 24pt;\"><strong><span style=\"color: #339966;\">JOJOBA (huile)<\/span><\/strong><\/span><\/h1>\n<p style=\"text-align: justify;\"><span style=\"font-size: 14pt;\">Les propri\u00e9t\u00e9s protectrices et hydratantes uniques de la plante de jojoba sont \u00e9galement utilis\u00e9es dans Zenz Alterntive couleur. L&rsquo;huile de jojoba est extraite de l&rsquo;amande du fruit brun de la plante de jojoba. La plante est un buisson avec des feuilles gris \/ vert qui pousse dans les d\u00e9serts et semi-d\u00e9serts en Argentine, Australie, Isra\u00ebl et autres endroits.<\/span><\/p>\n<p style=\"text-align: justify;\"><span style=\"font-size: 14pt;\">L&rsquo;huile de la plante de jojoba s&rsquo;est av\u00e9r\u00e9e \u00eatre l&rsquo;huile v\u00e9g\u00e9tale qui correspond le mieux \u00e0 notre peau. Cela signifie que l&rsquo;huile a un effet protecteur et hydratant \u00e0 la fois, elle est donc un ingr\u00e9dient important dans Zenz Therapy.<\/span><\/p>\n","protected":false},"excerpt":{"rendered":"<p>&nbsp; ZenzTherapy Alterntive Colors nait avec le but de fournir au salon et au client, un produit tr\u00e8s s\u00fbr pour ce qui concerne la delicatesse, la cosm\u00e9tique et la coloration, particuli\u00e8rement indiqu\u00e9 pour les clients attentifs qui d\u00e9sirent le meilleur de la recherche technologique cosm\u00e9tique, respecte au maximun le cuir chevelu et la structure des&hellip; <\/p>\n","protected":false},"author":1,"featured_media":476,"parent":0,"menu_order":0,"comment_status":"closed","ping_status":"closed","template":"","meta":{"ngg_post_thumbnail":0,"footnotes":""},"class_list":["post-472","page","type-page","status-publish","has-post-thumbnail","hentry"],"_links":{"self":[{"href":"https:\/\/paradisdesanges.fr\/index.php?rest_route=\/wp\/v2\/pages\/472","targetHints":{"allow":["GET"]}}],"collection":[{"href":"https:\/\/paradisdesanges.fr\/index.php?rest_route=\/wp\/v2\/pages"}],"about":[{"href":"https:\/\/paradisdesanges.fr\/index.php?rest_route=\/wp\/v2\/types\/page"}],"author":[{"embeddable":true,"href":"https:\/\/paradisdesanges.fr\/index.php?rest_route=\/wp\/v2\/users\/1"}],"replies":[{"embeddable":true,"href":"https:\/\/paradisdesanges.fr\/index.php?rest_route=%2Fwp%2Fv2%2Fcomments&post=472"}],"version-history":[{"count":9,"href":"https:\/\/paradisdesanges.fr\/index.php?rest_route=\/wp\/v2\/pages\/472\/revisions"}],"predecessor-version":[{"id":557,"href":"https:\/\/paradisdesanges.fr\/index.php?rest_route=\/wp\/v2\/pages\/472\/revisions\/557"}],"wp:featuredmedia":[{"embeddable":true,"href":"https:\/\/paradisdesanges.fr\/index.php?rest_route=\/wp\/v2\/media\/476"}],"wp:attachment":[{"href":"https:\/\/paradisdesanges.fr\/index.php?rest_route=%2Fwp%2Fv2%2Fmedia&parent=472"}],"curies":[{"name":"wp","href":"https:\/\/api.w.org\/{rel}","templated":true}]}}