{"id":6,"date":"2018-09-26T14:31:07","date_gmt":"2018-09-26T12:31:07","guid":{"rendered":"http:\/\/paradisdesanges.fr\/?page_id=6"},"modified":"2026-02-06T01:26:38","modified_gmt":"2026-02-06T00:26:38","slug":"accueil","status":"publish","type":"page","link":"https:\/\/paradisdesanges.fr\/","title":{"rendered":"Accueil"},"content":{"rendered":"<h3 style=\"text-align: justify;\">&nbsp;<\/h3>\n<h3 style=\"text-align: center;\">\u2728 <strong>Sublimez votre style avec nos blonds d\u2019exception<\/strong><\/h3>\n<p><img loading=\"lazy\" decoding=\"async\" class=\"alignnone size-full wp-image-1243 alignleft\" src=\"https:\/\/paradisdesanges.fr\/wp-content\/uploads\/2026\/02\/portrait-dune-femme-e1770337393989.png\" alt=\"\" width=\"300\" height=\"450\"><\/p>\n<h3 style=\"text-align: justify;\">Parce qu\u2019un blond r\u00e9ussi n\u2019est jamais le fruit du hasard, j\u2019ai fait de cette couleur une v\u00e9ritable sp\u00e9cialit\u00e9. Techniques ma\u00eetris\u00e9es, nuances sur mesure, r\u00e9sultat lumineux\u2026 Chaque blond que je r\u00e9alise est pens\u00e9 pour r\u00e9v\u00e9ler votre personnalit\u00e9 et mettre en valeur votre teint, votre regard, votre style.<br \/>\nDu blond polaire ultra\u2011glac\u00e9 au blond miel chaleureux, en passant par des balayages naturels et des blonds sophistiqu\u00e9s, je cr\u00e9e des couleurs uniques, harmonieuses et durables.<br \/>\nMon objectif : un blond qui reste beau, brillant et facile \u00e0 vivre au quotidien.<\/h3>\n","protected":false},"excerpt":{"rendered":"<p>&nbsp; \u2728 Sublimez votre style avec nos blonds d\u2019exception Parce qu\u2019un blond r\u00e9ussi n\u2019est jamais le fruit du hasard, j\u2019ai fait de cette couleur une v\u00e9ritable sp\u00e9cialit\u00e9. Techniques ma\u00eetris\u00e9es, nuances sur mesure, r\u00e9sultat lumineux\u2026 Chaque blond que je r\u00e9alise est pens\u00e9 pour r\u00e9v\u00e9ler votre personnalit\u00e9 et mettre en valeur votre teint, votre regard, votre style.&hellip; <\/p>\n","protected":false},"author":1,"featured_media":0,"parent":0,"menu_order":0,"comment_status":"closed","ping_status":"closed","template":"","meta":{"ngg_post_thumbnail":0,"footnotes":""},"class_list":["post-6","page","type-page","status-publish","hentry"],"_links":{"self":[{"href":"https:\/\/paradisdesanges.fr\/index.php?rest_route=\/wp\/v2\/pages\/6","targetHints":{"allow":["GET"]}}],"collection":[{"href":"https:\/\/paradisdesanges.fr\/index.php?rest_route=\/wp\/v2\/pages"}],"about":[{"href":"https:\/\/paradisdesanges.fr\/index.php?rest_route=\/wp\/v2\/types\/page"}],"author":[{"embeddable":true,"href":"https:\/\/paradisdesanges.fr\/index.php?rest_route=\/wp\/v2\/users\/1"}],"replies":[{"embeddable":true,"href":"https:\/\/paradisdesanges.fr\/index.php?rest_route=%2Fwp%2Fv2%2Fcomments&post=6"}],"version-history":[{"count":54,"href":"https:\/\/paradisdesanges.fr\/index.php?rest_route=\/wp\/v2\/pages\/6\/revisions"}],"predecessor-version":[{"id":1258,"href":"https:\/\/paradisdesanges.fr\/index.php?rest_route=\/wp\/v2\/pages\/6\/revisions\/1258"}],"wp:attachment":[{"href":"https:\/\/paradisdesanges.fr\/index.php?rest_route=%2Fwp%2Fv2%2Fmedia&parent=6"}],"curies":[{"name":"wp","href":"https:\/\/api.w.org\/{rel}","templated":true}]}}