{"id":7,"date":"2018-09-26T14:31:07","date_gmt":"2018-09-26T12:31:07","guid":{"rendered":"http:\/\/paradisdesanges.fr\/?page_id=7"},"modified":"2024-01-06T16:43:37","modified_gmt":"2024-01-06T15:43:37","slug":"blog","status":"publish","type":"page","link":"https:\/\/paradisdesanges.fr\/?page_id=7","title":{"rendered":"Nos tarifs"},"content":{"rendered":"<table class=\"table\" style=\"width: 100%; height: 230px;\">\n<thead>\n<tr style=\"background-color: #eb9898;\">\n<th style=\"width: 394px; background-color: #ffffff; height: 23px;\"><span style=\"color: #ffffff;\"><span style=\"font-size: 13.3333px; background-color: #cc99ff;\">COUPE DE CHEVEUX<\/span><\/span><\/th>\n<th class=\"align-center\" style=\"width: 166px; text-align: center; background-color: #ffffff; height: 23px;\"><span style=\"background-color: #cc99ff; color: #ffffff;\"><strong><span style=\"font-size: 10pt; background-color: #cc99ff;\">&nbsp;FEMMES&nbsp;<\/span><\/strong><\/span><\/th>\n<\/tr>\n<\/thead>\n<tbody>\n<tr style=\"height: 23px;\">\n<td style=\"width: 394px; background-color: #f7f7f7; height: 23px;\"><span style=\"font-size: 10pt;\"><b>Brushing cheveux :&nbsp;<\/b>Court<\/span><\/td>\n<td class=\"align-center\" style=\"width: 166px; text-align: center; background-color: #ffffff; height: 23px;\"><span style=\"font-size: 10pt;\">26,50\u20ac<\/span><\/td>\n<\/tr>\n<tr style=\"height: 23px;\">\n<td style=\"width: 394px; background-color: #f7f7f7; height: 23px;\"><span style=\"font-size: 10pt;\"><b>Brushing cheveux : Mi-<\/b>Long<\/span><\/td>\n<td style=\"width: 166px; text-align: center; background-color: #ffffff; height: 23px;\"><span style=\"font-size: 10pt;\">35\u20ac<\/span><\/td>\n<\/tr>\n<tr style=\"height: 23px;\">\n<td style=\"width: 394px; background-color: #f7f7f7; height: 23px;\"><span style=\"font-size: 10pt;\"><b>Brushing cheveux :&nbsp;<\/b>Long<\/span><\/td>\n<td class=\"align-center\" style=\"width: 166px; text-align: center; background-color: #ffffff; height: 23px;\"><span style=\"font-size: 10pt;\">45\u20ac \u00e0 60\u20ac<\/span><\/td>\n<\/tr>\n<tr style=\"height: 23px;\">\n<td style=\"width: 394px; background-color: #f7f7f7; height: 23px;\"><span style=\"font-size: 10pt;\"><span style=\"font-size: 10pt;\"><b>Coupe +&nbsp;Brushing cheveux :&nbsp;<\/b>Court<\/span><\/span><\/td>\n<td class=\"align-center\" style=\"width: 166px; text-align: center; background-color: #ffffff; height: 23px;\"><span style=\"font-size: 10pt;\">45\u20ac<\/span><\/td>\n<\/tr>\n<tr style=\"height: 23px;\">\n<td style=\"width: 394px; background-color: #f7f7f7; height: 23px;\"><span style=\"font-size: 10pt;\"><b>Coupe +&nbsp;Brushing cheveux :&nbsp;<\/b>Long<\/span><\/td>\n<td class=\"align-center\" style=\"width: 166px; text-align: center; background-color: #ffffff; height: 23px;\"><span style=\"font-size: 10pt;\">A partir de 50\u20ac (Prix sur demande)<\/span><\/td>\n<\/tr>\n<tr style=\"height: 23px;\">\n<td style=\"width: 394px; background-color: #f7f7f7; height: 23px;\"><span style=\"font-size: 10pt;\"><strong>Coupe + Permanente + Brushing : <\/strong>Court<\/span><\/td>\n<td class=\"align-center\" style=\"width: 166px; text-align: center; background-color: #ffffff; height: 23px;\"><span style=\"font-size: 10pt;\">110\u20ac<\/span><\/td>\n<\/tr>\n<tr style=\"height: 23px;\">\n<td style=\"width: 394px; background-color: #f7f7f7; height: 23px;\"><span style=\"font-size: 10pt;\"><strong>Coupe + Permanente + Brushing : <\/strong>Long<\/span><\/td>\n<td class=\"align-center\" style=\"width: 166px; text-align: center; background-color: #ffffff; height: 23px;\"><span style=\"font-size: 10pt;\">Prix sur demande<\/span><\/td>\n<\/tr>\n<tr style=\"height: 23px;\">\n<td style=\"width: 394px; background-color: #f7f7f7; height: 23px;\"><span style=\"font-size: 13.3333px;\"><b>Coupe transformation cheveux : <\/b>Court<\/span><\/td>\n<td class=\"align-center\" style=\"width: 166px; text-align: center; background-color: #ffffff; height: 23px;\"><span style=\"font-size: 10pt;\">50\u20ac<\/span><\/td>\n<\/tr>\n<tr style=\"height: 23px;\">\n<td style=\"width: 394px; background-color: #f7f7f7; height: 23px;\"><span style=\"font-size: 13.3333px;\"><b>Coupe transformation cheveux : <\/b>Long<\/span><\/td>\n<td class=\"align-center\" style=\"width: 166px; text-align: center; background-color: #ffffff; height: 23px;\"><span style=\"font-size: 10pt;\">A partir de 60\u20ac (Prix sur demande)<\/span><\/td>\n<\/tr>\n<\/tbody>\n<\/table>\n<table class=\"table\" style=\"height: 192px;\">\n<thead>\n<tr style=\"height: 32px;\">\n<th style=\"width: 393px; background-color: #ffffff; height: 32px;\"><span style=\"background-color: #cc99ff; color: #ffffff;\"><strong><span style=\"font-size: 10pt; background-color: #cc99ff;\">&nbsp;BALAYAGE&nbsp;<\/span><\/strong><\/span><\/th>\n<th class=\"align-center\" style=\"width: 167px; text-align: center; background-color: #ffffff; height: 32px;\"><span style=\"background-color: #cc99ff; color: #ffffff;\"><strong><span style=\"font-size: 10pt; background-color: #cc99ff;\">&nbsp;FEMMES&nbsp;<\/span><\/strong><\/span><\/th>\n<\/tr>\n<\/thead>\n<tbody>\n<tr style=\"height: 32px;\">\n<td style=\"width: 393px; background-color: #f7f7f7; height: 32px;\"><strong><span style=\"font-size: 10pt;\">M\u00e8che 1\/4 T\u00eate<\/span><\/strong><\/td>\n<td class=\"align-center\" style=\"width: 167px; text-align: center; background-color: #ffffff; height: 32px;\"><span style=\"font-size: 10pt;\">35\u20ac<\/span><\/td>\n<\/tr>\n<tr style=\"height: 32px;\">\n<td style=\"width: 393px; background-color: #f7f7f7; height: 32px;\"><strong><span style=\"font-size: 10pt;\">M\u00e8che 1\/2 T\u00eate<\/span><\/strong><\/td>\n<td class=\"align-center\" style=\"width: 167px; text-align: center; background-color: #ffffff; height: 32px;\"><span style=\"font-size: 10pt;\">50\u20ac<\/span><\/td>\n<\/tr>\n<tr style=\"height: 32px;\">\n<td style=\"width: 393px; background-color: #f7f7f7; height: 32px;\"><strong><span style=\"font-size: 10pt;\">M\u00e8che 3\/4 T\u00eate<\/span><\/strong><\/td>\n<td class=\"align-center\" style=\"width: 167px; text-align: center; background-color: #ffffff; height: 32px;\"><span style=\"font-size: 10pt;\">55\u20ac<\/span><\/td>\n<\/tr>\n<tr class=\"active\" style=\"height: 32px;\">\n<td style=\"width: 393px; background-color: #f7f7f7; height: 32px;\"><strong><span style=\"font-size: 10pt;\">M\u00e8che T\u00eate enti\u00e8re<\/span><\/strong><\/td>\n<td class=\"align-center\" style=\"width: 167px; text-align: center; background-color: #ffffff; height: 32px;\"><span style=\"font-size: 10pt;\">A partir de 60\u20ac (Prix sur demande)<\/span><\/td>\n<\/tr>\n<tr style=\"height: 32px;\">\n<td style=\"width: 393px; background-color: #f7f7f7; height: 32px;\"><strong><span style=\"font-size: 10pt;\">M\u00e8che Cheveux long et Cheveux \u00e9pais<\/span><\/strong><\/td>\n<td class=\"align-center\" style=\"width: 167px; text-align: center; background-color: #ffffff; height: 32px;\"><span style=\"font-size: 10pt;\">Sur devis<\/span><\/td>\n<\/tr>\n<\/tbody>\n<\/table>\n<table>\n<tbody>\n<tr style=\"height: 32px;\">\n<td style=\"width: 393px; background-color: #f7f7f7; height: 32px;\"><strong><span style=\"font-size: 10pt;\">Frange<\/span><\/strong><\/td>\n<td style=\"width: 167px; text-align: center; background-color: #ffffff; height: 32px;\"><span style=\"font-size: 10pt;\">6\u20ac<\/span><\/td>\n<\/tr>\n<\/tbody>\n<\/table>\n<table>\n<tbody>\n<tr style=\"height: 32px;\">\n<td style=\"width: 395px; background-color: #f7f7f7; height: 32px;\"><strong><span style=\"font-size: 10pt;\">Forfait Coupe S\u00e9chage<\/span><\/strong><\/td>\n<td style=\"width: 167px; text-align: center; background-color: #ffffff; height: 32px;\"><span style=\"font-size: 10pt;\">35\u20ac<\/span><\/td>\n<\/tr>\n<tr style=\"height: 32px;\">\n<td style=\"width: 395px; background-color: #f7f7f7; height: 32px;\"><strong><span style=\"font-size: 10pt;\">Forfait Extension 100 M\u00e8ches&nbsp;<\/span><\/strong><\/td>\n<td style=\"width: 167px; text-align: center; background-color: #ffffff; height: 32px;\"><span style=\"font-size: 10pt;\">600\u20ac<\/span><\/td>\n<\/tr>\n<\/tbody>\n<\/table>\n<table style=\"height: 128px;\">\n<tbody>\n<tr style=\"height: 32px;\">\n<td style=\"width: 395px; background-color: #f7f7f7; height: 32px;\"><strong><span style=\"font-size: 10pt;\">Soin Cheveux : Court<\/span><\/strong><\/td>\n<td style=\"width: 167px; text-align: center; background-color: #ffffff; height: 32px;\"><span style=\"font-size: 10pt;\">6\u20ac<\/span><\/td>\n<\/tr>\n<tr>\n<td style=\"width: 395px; background-color: #f7f7f7;\"><strong><span style=\"font-size: 10pt;\">Soin Cheveux : Long<\/span><\/strong><\/td>\n<td style=\"width: 167px; text-align: center; background-color: #ffffff;\"><span style=\"font-size: 10pt;\">10\u20ac<\/span><\/td>\n<\/tr>\n<tr style=\"height: 32px;\">\n<td style=\"width: 395px; background-color: #f7f7f7; height: 32px;\"><strong><span style=\"font-size: 10pt;\">Soin Ozone<\/span><\/strong><\/td>\n<td style=\"width: 167px; text-align: center; background-color: #ffffff; height: 32px;\"><span style=\"font-size: 10pt;\">40\u20ac<\/span><\/td>\n<\/tr>\n<tr>\n<td style=\"width: 395px; background-color: #f7f7f7;\"><strong><span style=\"font-size: 10pt;\">Soin Botox<\/span><\/strong><\/td>\n<td style=\"width: 167px; text-align: center; background-color: #ffffff;\"><span style=\"font-size: 10pt;\">50\u20ac \u00e0 70\u20ac<\/span><\/td>\n<\/tr>\n<tr>\n<td style=\"width: 395px; background-color: #f7f7f7;\"><strong><span style=\"font-size: 10pt;\">Soin Argille<\/span><\/strong><\/td>\n<td style=\"width: 167px; text-align: center; background-color: #ffffff;\"><span style=\"font-size: 10pt;\">35\u20ac<\/span><\/td>\n<\/tr>\n<tr style=\"height: 32px;\">\n<td style=\"width: 395px; background-color: #f7f7f7; height: 32px;\"><strong><span style=\"font-size: 10pt;\">Shampoing pigment<\/span><\/strong><\/td>\n<td style=\"width: 167px; text-align: center; background-color: #ffffff; height: 32px;\"><span style=\"font-size: 10pt;\">6\u20ac<\/span><\/td>\n<\/tr>\n<tr style=\"height: 32px;\">\n<td style=\"width: 395px; background-color: #f7f7f7; height: 32px;\"><strong><span style=\"font-size: 10pt;\">Fixation Mousse<\/span><\/strong><\/td>\n<td style=\"width: 167px; text-align: center; background-color: #ffffff; height: 32px;\"><span style=\"font-size: 10pt;\"><span style=\"font-size: 10pt;\">&nbsp;<\/span><\/span><span style=\"font-size: 10pt;\">4\u20ac<\/span><\/td>\n<\/tr>\n<\/tbody>\n<\/table>\n<table style=\"height: 128px;\">\n<tbody>\n<tr style=\"height: 32px;\">\n<th style=\"width: 394px; background-color: #ffffff; height: 32px;\"><span style=\"background-color: #99ccff; color: #ffffff;\"><strong>&nbsp;Coupes \/ Barbes&nbsp;<\/strong><\/span><\/th>\n<th class=\"align-center\" style=\"width: 168px; text-align: center; background-color: #ffffff; height: 32px;\"><span style=\"background-color: #99ccff; color: #ffffff;\"><strong><span style=\"font-size: 10pt; background-color: #99ccff;\">&nbsp;HOMMES&nbsp;<\/span><\/strong><\/span><\/th>\n<\/tr>\n<tr style=\"height: 32px;\">\n<td style=\"width: 394px; background-color: #f7f7f7; height: 32px;\"><strong><span style=\"font-size: 10pt;\">Coupe Classique<\/span><\/strong><\/td>\n<td style=\"width: 168px; text-align: center; background-color: #ffffff; height: 32px;\"><span style=\"font-size: 10pt;\"><span style=\"font-size: 10pt;\">&nbsp;<\/span><\/span><span style=\"font-size: 10pt;\">25\u20ac<\/span><\/td>\n<\/tr>\n<tr style=\"height: 32px;\">\n<td style=\"width: 394px; background-color: #f7f7f7; height: 32px;\"><strong><span style=\"font-size: 10pt;\">Coupe Transformation<\/span><\/strong><\/td>\n<td style=\"width: 168px; text-align: center; background-color: #ffffff; height: 32px;\"><span style=\"font-size: 10pt;\">A partir de 35\u20ac<\/span><\/td>\n<\/tr>\n<\/tbody>\n<\/table>\n<table style=\"height: 32px; width: 100%;\">\n<tbody>\n<tr style=\"height: 32px;\">\n<td style=\"width: 395px; background-color: #f7f7f7; height: 32px;\"><strong><span style=\"font-size: 10pt;\">Taille Barbe<\/span><\/strong><\/td>\n<td style=\"width: 167px; text-align: center; background-color: #ffffff; height: 32px;\"><span style=\"font-size: 10pt;\">10\u20ac<\/span><\/td>\n<\/tr>\n<\/tbody>\n<\/table>\n<table>\n<tbody>\n<tr style=\"height: 32px;\">\n<th style=\"width: 393px; background-color: #ffffff; height: 32px;\"><span style=\"background-color: #00ccff; color: #ffffff;\"><strong><span style=\"background-color: #99ccff;\">&nbsp;Color<\/span><span style=\"background-color: #cc99ff;\">ations&nbsp;<\/span><\/strong><\/span><\/th>\n<th class=\"align-center\" style=\"width: 167px; text-align: center; background-color: #ffffff; height: 32px;\"><span style=\"background-color: #ffffff; color: #ffffff;\"><strong><span style=\"font-size: 10pt; background-color: #ffffff;\"><span style=\"background-color: #99ccff;\">&nbsp;HOMMES&nbsp;<\/span><span style=\"color: #000000;\"> &amp;<\/span>&nbsp;<span style=\"background-color: #cc99ff;\"> FEMMES&nbsp;<\/span><\/span><\/strong><\/span><\/th>\n<\/tr>\n<tr style=\"height: 32px;\">\n<td style=\"width: 394px; background-color: #f7f7f7; height: 32px;\"><strong><span style=\"font-size: 10pt;\">D\u00e9coloration \u00e0 partir de<\/span><\/strong><\/td>\n<td style=\"width: 166px; text-align: center; background-color: #ffffff; height: 32px;\"><span style=\"font-size: 10pt;\">50\u20ac<\/span><\/td>\n<\/tr>\n<tr style=\"height: 32px;\">\n<td style=\"width: 394px; background-color: #f7f7f7; height: 32px;\"><strong><span><span style=\"font-size: small;\">Coloration Hommes \u00e0 partir de<\/span><\/span><\/strong><\/td>\n<td style=\"width: 166px; text-align: center; background-color: #ffffff; height: 32px;\"><span style=\"font-size: 10pt;\">35\u20ac<\/span><\/td>\n<\/tr>\n<tr>\n<td style=\"width: 394px; background-color: #f7f7f7;\"><strong><span style=\"font-size: 10pt;\"><span style=\"font-size: small;\">Coloration Femmes \u00e0 partir de<\/span><\/span><\/strong><\/td>\n<td style=\"width: 166px; text-align: center; background-color: #ffffff;\"><span style=\"font-size: 10pt;\">55\u20ac<\/span><\/td>\n<\/tr>\n<tr style=\"height: 32px;\">\n<td style=\"width: 394px; background-color: #f7f7f7; height: 32px;\"><strong><span style=\"font-size: 10pt;\">Coloration V\u00e9g\u00e9tale &amp; WELLA &amp; Terre de Couleur \u00e0 partir de<\/span><\/strong><\/td>\n<td style=\"width: 166px; text-align: center; background-color: #ffffff; height: 32px;\"><span style=\"font-size: 10pt;\">60\u20ac<\/span><\/td>\n<\/tr>\n<tr>\n<td style=\"width: 394px; background-color: #f7f7f7;\"><strong><span style=\"font-size: 10pt;\">Cheveux tr\u00e8s fin ou cheveux tr\u00e8s \u00e9pais<\/span><\/strong><\/td>\n<td style=\"width: 166px; text-align: center; background-color: #ffffff;\"><span style=\"font-size: 10pt;\">Prix sur demande<\/span><\/td>\n<\/tr>\n<tr style=\"height: 32px; background-color: #ffffff;\">\n<th style=\"width: 393px; background-color: #ffffff; height: 32px;\"><span style=\"background-color: #00ccff; color: #ffffff;\"><strong><span style=\"background-color: #99ccff;\">&nbsp;Cou<span style=\"background-color: #cc99ff;\">pes<\/span><\/span><\/strong><\/span><\/th>\n<th class=\"align-center\" style=\"width: 167px; text-align: center; height: 32px;\"><span style=\"color: #ffffff;\"><span style=\"font-size: 13.3333px; background-color: #99ccff;\">ENFA<span style=\"background-color: #cc99ff;\">NTS<\/span><\/span><\/span><\/th>\n<\/tr>\n<tr style=\"height: 32px;\">\n<td style=\"width: 394px; background-color: #f7f7f7; height: 32px;\"><strong><span style=\"font-size: 10pt;\">De 0 \u00e0 2 ans<\/span><\/strong><\/td>\n<td style=\"width: 166px; text-align: center; background-color: #ffffff; height: 32px;\"><span style=\"font-size: 10pt;\">10\u20ac<\/span><\/td>\n<\/tr>\n<tr style=\"height: 32px;\">\n<td style=\"width: 394px; background-color: #f7f7f7; height: 32px;\"><strong><span style=\"font-size: 10pt;\">De 3 \u00e0 15 ans<\/span><\/strong><\/td>\n<td style=\"width: 166px; text-align: center; background-color: #ffffff; height: 32px;\"><span style=\"font-size: 10pt;\">16.50\u20ac<\/span><\/td>\n<\/tr>\n<tr style=\"height: 32px;\">\n<td style=\"width: 394px; background-color: #f7f7f7; height: 32px;\"><strong><span style=\"font-size: 10pt;\">De 16 \u00e0 20 ans<\/span><\/strong><\/td>\n<td style=\"width: 166px; text-align: center; background-color: #ffffff; height: 32px;\"><span style=\"font-size: 10pt;\">20\u20ac<\/span><\/td>\n<\/tr>\n<\/tbody>\n<\/table>\n\n\n<p><\/p>\n","protected":false},"excerpt":{"rendered":"<p>COUPE DE CHEVEUX &nbsp;FEMMES&nbsp; Brushing cheveux :&nbsp;Court 26,50\u20ac Brushing cheveux : Mi-Long 35\u20ac Brushing cheveux :&nbsp;Long 45\u20ac \u00e0 60\u20ac Coupe +&nbsp;Brushing cheveux :&nbsp;Court 45\u20ac Coupe +&nbsp;Brushing cheveux :&nbsp;Long A partir de 50\u20ac (Prix sur demande) Coupe + Permanente + Brushing : Court 110\u20ac Coupe + Permanente + Brushing : Long Prix sur demande Coupe transformation&hellip; <\/p>\n","protected":false},"author":1,"featured_media":0,"parent":0,"menu_order":0,"comment_status":"closed","ping_status":"closed","template":"","meta":{"ngg_post_thumbnail":0,"footnotes":""},"class_list":["post-7","page","type-page","status-publish","hentry"],"_links":{"self":[{"href":"https:\/\/paradisdesanges.fr\/index.php?rest_route=\/wp\/v2\/pages\/7","targetHints":{"allow":["GET"]}}],"collection":[{"href":"https:\/\/paradisdesanges.fr\/index.php?rest_route=\/wp\/v2\/pages"}],"about":[{"href":"https:\/\/paradisdesanges.fr\/index.php?rest_route=\/wp\/v2\/types\/page"}],"author":[{"embeddable":true,"href":"https:\/\/paradisdesanges.fr\/index.php?rest_route=\/wp\/v2\/users\/1"}],"replies":[{"embeddable":true,"href":"https:\/\/paradisdesanges.fr\/index.php?rest_route=%2Fwp%2Fv2%2Fcomments&post=7"}],"version-history":[{"count":126,"href":"https:\/\/paradisdesanges.fr\/index.php?rest_route=\/wp\/v2\/pages\/7\/revisions"}],"predecessor-version":[{"id":1192,"href":"https:\/\/paradisdesanges.fr\/index.php?rest_route=\/wp\/v2\/pages\/7\/revisions\/1192"}],"wp:attachment":[{"href":"https:\/\/paradisdesanges.fr\/index.php?rest_route=%2Fwp%2Fv2%2Fmedia&parent=7"}],"curies":[{"name":"wp","href":"https:\/\/api.w.org\/{rel}","templated":true}]}}