{"id":78,"date":"2018-09-26T21:32:18","date_gmt":"2018-09-26T19:32:18","guid":{"rendered":"http:\/\/paradisdesanges.fr\/?page_id=78"},"modified":"2018-11-30T18:23:21","modified_gmt":"2018-11-30T17:23:21","slug":"couleurs","status":"publish","type":"page","link":"https:\/\/paradisdesanges.fr\/?page_id=78","title":{"rendered":"Coloration V\u00e9g\u00e9tale"},"content":{"rendered":"<p>&nbsp;<\/p>\n<p style=\"text-align: justify;\"><span style=\"font-size: 14pt;\">Notre coloration <strong><span style=\"color: #339966;\">V\u00e9g\u00e9tale Allynea<\/span><\/strong> est une coloration dont la teneur en produit d&rsquo;origine naturelle varie entre 92 % et 100 %.<\/span><\/p>\n<p style=\"text-align: justify;\"><span style=\"font-size: 14pt;\">Compar\u00e9 \u00e0 d&rsquo;autres produits sur le march\u00e9, le temps de pose est identique \u00e0 un service de coloration traditionnelle (30 &#8211; 35 mn environ).<\/span><\/p>\n<p style=\"text-align: justify;\"><span style=\"font-size: 14pt;\">Elle couvre 80 % \u00e0 100 % des cheveux blancs.<\/span><\/p>\n<p style=\"text-align: justify;\"><span style=\"font-size: 14pt;\">Elle ne contient pas de fer, de plomb, donc nous pouvons ensuite appliquer n&rsquo;importe quel autre service technique par-dessus.<\/span><\/p>\n<p style=\"text-align: justify;\"><span style=\"font-size: 14pt;\">Il y a <strong><span style=\"color: #339966;\">13 nuances<\/span><\/strong> qui se m\u00e9langent toutes entres elles. (dont <strong>1 Noir<\/strong>).<\/span><\/p>\n<p style=\"text-align: justify;\"><span style=\"font-size: 14pt;\">On peut ajouter dans le m\u00e9lange des huilles essentielles pour traiter les cheveux gras, secs, ou endommag\u00e9s.<\/span><\/p>\n<p style=\"text-align: justify;\"><span style=\"font-size: 14pt;\">Il existe \u00e9galement une eau thermale vieille de 1300 ans (certifi\u00e9e par le minist\u00e8re de la sant\u00e9 Italienne), r\u00e9cup\u00e9r\u00e9e \u00e0 5000 m\u00e8tres de profondeur, elle permet d&rsquo;apporter \u00e9norm\u00e9ment de brillance contrairement \u00e0 une eau traditionnelle (calcaire et chlore).<\/span><\/p>\n<hr>\n<p style=\"text-align: justify;\"><span style=\"font-size: 14pt;\"><strong>Plante tinctoriale<\/strong><\/span><\/p>\n<p style=\"text-align: justify;\"><span style=\"font-size: 14pt;\">Une plante tinctoriale est une plante dont certaines parties peuvent servir \u00e0 pr\u00e9parer des colorants et des teintures. Celles-ci sont utilis\u00e9es g\u00e9n\u00e9ralement pour teindre des fibres textiles naturelles (laine, coton, soie&#8230;) mais peuvent aussi servir comme colorants alimentaires ou corporels (maquillage ou peintures rituelles).<\/span><\/p>\n<p style=\"text-align: justify;\"><span style=\"font-size: 14pt;\">Des centaines d&rsquo;esp\u00e8ces de plantes on \u00e9t\u00e9 utilis\u00e9es par l&rsquo;homme pour teindre les v\u00eatements, certaines depuis la plus haute antiquit\u00e9, mais leur usage a presque totalement disparu depuis le d\u00e9but du XX si\u00e8cle, avec l&rsquo;apparition des colorants de synth\u00e8se.<\/span><\/p>\n<p style=\"text-align: justify;\"><span style=\"font-size: 14pt;\">Elles sont utiles pour la biodiversit\u00e9. Certains cherchent \u00e0 les r\u00e9habiliter. Elles font partie de notre patrimoine artisanal et industriel ; \u00e0 ce titre, elles servent au faire valoir touristique : pastel au pays de Lectoure.<\/span><\/p>\n","protected":false},"excerpt":{"rendered":"<p>&nbsp; Notre coloration V\u00e9g\u00e9tale Allynea est une coloration dont la teneur en produit d&rsquo;origine naturelle varie entre 92 % et 100 %. Compar\u00e9 \u00e0 d&rsquo;autres produits sur le march\u00e9, le temps de pose est identique \u00e0 un service de coloration traditionnelle (30 &#8211; 35 mn environ). Elle couvre 80 % \u00e0 100 % des cheveux&hellip; <\/p>\n","protected":false},"author":1,"featured_media":477,"parent":0,"menu_order":0,"comment_status":"closed","ping_status":"closed","template":"","meta":{"ngg_post_thumbnail":0,"footnotes":""},"class_list":["post-78","page","type-page","status-publish","has-post-thumbnail","hentry"],"_links":{"self":[{"href":"https:\/\/paradisdesanges.fr\/index.php?rest_route=\/wp\/v2\/pages\/78","targetHints":{"allow":["GET"]}}],"collection":[{"href":"https:\/\/paradisdesanges.fr\/index.php?rest_route=\/wp\/v2\/pages"}],"about":[{"href":"https:\/\/paradisdesanges.fr\/index.php?rest_route=\/wp\/v2\/types\/page"}],"author":[{"embeddable":true,"href":"https:\/\/paradisdesanges.fr\/index.php?rest_route=\/wp\/v2\/users\/1"}],"replies":[{"embeddable":true,"href":"https:\/\/paradisdesanges.fr\/index.php?rest_route=%2Fwp%2Fv2%2Fcomments&post=78"}],"version-history":[{"count":21,"href":"https:\/\/paradisdesanges.fr\/index.php?rest_route=\/wp\/v2\/pages\/78\/revisions"}],"predecessor-version":[{"id":548,"href":"https:\/\/paradisdesanges.fr\/index.php?rest_route=\/wp\/v2\/pages\/78\/revisions\/548"}],"wp:featuredmedia":[{"embeddable":true,"href":"https:\/\/paradisdesanges.fr\/index.php?rest_route=\/wp\/v2\/media\/477"}],"wp:attachment":[{"href":"https:\/\/paradisdesanges.fr\/index.php?rest_route=%2Fwp%2Fv2%2Fmedia&parent=78"}],"curies":[{"name":"wp","href":"https:\/\/api.w.org\/{rel}","templated":true}]}}